{"id":407,"date":"2011-05-18T16:42:03","date_gmt":"2011-05-18T15:42:03","guid":{"rendered":"http:\/\/www.avallon.ch\/?page_id=407"},"modified":"2011-05-28T15:13:30","modified_gmt":"2011-05-28T14:13:30","slug":"lepee-partagee-poeme-du-lamartine","status":"publish","type":"page","link":"https:\/\/www.avallon.ch\/?page_id=407","title":{"rendered":"L&rsquo;\u00e9p\u00e9e partag\u00e9e"},"content":{"rendered":"<p>Le  po\u00e8me de Lamartine qui fut lu \u00e0\u00a0l\u2019Eisteddfod y Fenni  (Abergavenny,  1838) \u00e9voquait une coutume qui n\u2019avait peut-\u00eatre jamais  exist\u00e9.<\/p>\n<blockquote><p>Quand   ils se rencontraient sur la vague ou la gr\u00e8ve,<br \/>\nEn   souvenir vivant d\u2019un antique d\u00e9part,<br \/>\nNos   p\u00e8res se montraient les deux moiti\u00e9s d\u2019un glaive<br \/>\nDont   chacun gardait la symbolique part\u2026<br \/>\nFr\u00e8res\u00a0!   se disaient-ils, reconnais-tu la lame\u00a0?<br \/>\nEst-ce   bien l\u00e0\u00a0l\u2019\u00e9clair, l\u2019eau, la trempe et le fil\u00a0?<br \/>\nEt   l\u2019acier qu\u2019a fondu le m\u00eame jet de flamme<br \/>\nFibre  \u00e0\u00a0fibre se rejoint-il\u00a0?<br \/>\nEt   nous, nous vous disons\u00a0: O fils des m\u00eames plages\u00a0!<br \/>\nNous   sommes un tron\u00e7on de ce glaive vainqueur\u00a0;<br \/>\nRegardez-nous   aux yeux, aux cheveux, aux visages,<br \/>\nNous   reconnaissez-vous \u00e0\u00a0la trempe du c\u0153ur\u00a0?\u2026<\/p><\/blockquote>\n<p style=\"text-align: justify;\">Pendant   le m\u00eame d\u00eener, le vicomte Th\u00e9odore Hersart de la Villemarqu\u00e9\u00a0  (Kervarker), avait racont\u00e9\u00a0la l\u00e9gende de bataille de Saint-Cast,   au  cours de laquelle des Bretons ont refus\u00e9 de combattre avec les  Fran\u00e7ais   et les Gallois avec les Anglais\u00a0; ils se seraient embrass\u00e9 sur la  gr\u00e8ve.   Ainsi est n\u00e9, sur la suggestion du H\u00e9raut des Bardes de Galles,  Arlunydd   Pen-y-garn, le rituel de la R\u00e9union des deux parties de  l\u2019\u00c9p\u00e9e,  qui symbolise l&rsquo;unit\u00e9 des deux Gorseddau.<br \/>\nLa  c\u00e9r\u00e9monie a \u00e9t\u00e9\u00a0c\u00e9l\u00e9br\u00e9e, dans le cercle du Gorsedd, pour  la  premi\u00e8re fois en 1911, \u00e0 Caernarfon. Elle a \u00e9t\u00e9 plusieurs fois  r\u00e9p\u00e9t\u00e9e  tout au long du XX<sup>e <\/sup>si\u00e8cle, bien que les relations  entre les deux Gorseddau n\u2019aient pas toujours \u00e9t\u00e9 tr\u00e8s cordiales.<br \/>\nLa  derni\u00e8re fois que la c\u00e9r\u00e9monie a \u00e9t\u00e9\u00a0c\u00e9l\u00e9br\u00e9e, ce fut en  1981, \u00e0\u00a0Machynlleth.<\/p>\n<p style=\"text-align: center;\"><a href=\"..\/wp-content\/uploads\/2010\/06\/8.-IMAGES-8-l+%C2%AEp+%C2%AEe-partag+%C2%AEe-60ko.jpg\"><img loading=\"lazy\" decoding=\"async\" class=\"aligncenter\" title=\"8. IMAGES 8 l'+\u00aep+\u00aee partag+\u00aee (60ko)\" src=\"..\/wp-content\/uploads\/2010\/06\/8.-IMAGES-8-l+%C2%AEp+%C2%AEe-partag+%C2%AEe-60ko-300x37.jpg\" alt=\"\" width=\"300\" height=\"37\" \/><\/a><\/p>\n<p style=\"text-align: center;\"><span style=\"font-size: small;\"><em>La moiti\u00e9\u00a0 galloise de \u00ab\u00a0l\u2019Ep\u00e9e partag\u00e9e\u00a0\u00bb.<\/em><\/span><\/p>\n<p style=\"text-align: center;\"><span style=\"font-size: small;\"><em><br \/>\n<\/em><\/span><\/p>\n<p style=\"text-align: center;\">\n<p style=\"text-align: center;\">\n<p style=\"text-align: center;\"><a href=\"..\/wp-content\/uploads\/2010\/06\/9.-Split-Sword-with-the-Archdruid-Dyfed-in-Abergavenny-1913-192ko.jpg\"><img loading=\"lazy\" decoding=\"async\" class=\"aligncenter\" title=\"9. Split Sword, with the Archdruid Dyfed, in Abergavenny, 1913 (192ko)\" src=\"..\/wp-content\/uploads\/2010\/06\/9.-Split-Sword-with-the-Archdruid-Dyfed-in-Abergavenny-1913-192ko-300x195.jpg\" alt=\"\" width=\"300\" height=\"195\" \/><\/a><\/p>\n<p style=\"text-align: center;\"><span style=\"font-size: small;\"><em>C\u00e9r\u00e9monie  de la \u00ab\u00a0Split Sword\u00a0\u00bb en 1913 \u00e0 Abergavenny.<\/em><\/span><\/p>\n","protected":false},"excerpt":{"rendered":"<p>Le po\u00e8me de Lamartine qui fut lu \u00e0\u00a0l\u2019Eisteddfod y Fenni (Abergavenny, 1838) \u00e9voquait une coutume qui n\u2019avait peut-\u00eatre jamais exist\u00e9. Quand ils se rencontraient sur la vague ou la gr\u00e8ve, En souvenir vivant d\u2019un antique d\u00e9part, Nos p\u00e8res se montraient &hellip; <a href=\"https:\/\/www.avallon.ch\/?page_id=407\">Continuer la lecture <span class=\"meta-nav\">&rarr;<\/span><\/a><\/p>\n","protected":false},"author":1,"featured_media":0,"parent":256,"menu_order":4,"comment_status":"closed","ping_status":"open","template":"","meta":{"footnotes":""},"class_list":["post-407","page","type-page","status-publish","hentry"],"_links":{"self":[{"href":"https:\/\/www.avallon.ch\/index.php?rest_route=\/wp\/v2\/pages\/407","targetHints":{"allow":["GET"]}}],"collection":[{"href":"https:\/\/www.avallon.ch\/index.php?rest_route=\/wp\/v2\/pages"}],"about":[{"href":"https:\/\/www.avallon.ch\/index.php?rest_route=\/wp\/v2\/types\/page"}],"author":[{"embeddable":true,"href":"https:\/\/www.avallon.ch\/index.php?rest_route=\/wp\/v2\/users\/1"}],"replies":[{"embeddable":true,"href":"https:\/\/www.avallon.ch\/index.php?rest_route=%2Fwp%2Fv2%2Fcomments&post=407"}],"version-history":[{"count":8,"href":"https:\/\/www.avallon.ch\/index.php?rest_route=\/wp\/v2\/pages\/407\/revisions"}],"predecessor-version":[{"id":419,"href":"https:\/\/www.avallon.ch\/index.php?rest_route=\/wp\/v2\/pages\/407\/revisions\/419"}],"up":[{"embeddable":true,"href":"https:\/\/www.avallon.ch\/index.php?rest_route=\/wp\/v2\/pages\/256"}],"wp:attachment":[{"href":"https:\/\/www.avallon.ch\/index.php?rest_route=%2Fwp%2Fv2%2Fmedia&parent=407"}],"curies":[{"name":"wp","href":"https:\/\/api.w.org\/{rel}","templated":true}]}}