{"id":411,"date":"2011-05-18T16:45:42","date_gmt":"2011-05-18T15:45:42","guid":{"rendered":"http:\/\/www.avallon.ch\/?page_id=411"},"modified":"2026-01-23T19:54:27","modified_gmt":"2026-01-23T18:54:27","slug":"authenticite-de-la-filiation-galloise","status":"publish","type":"page","link":"https:\/\/www.avallon.ch\/?page_id=411","title":{"rendered":"Authenticit\u00e9  de la filiation galloise"},"content":{"rendered":"<p style=\"text-align: justify;\">Les filiations revendiqu\u00e9es par les soci\u00e9t\u00e9s initiatiques sont des mythes, assez souvent consid\u00e9r\u00e9es comme fantaisistes. Apparemment, celle des Bardes de Galles, dont nous avons h\u00e9rit\u00e9 n\u2019\u00e9chappe pas \u00e0 la r\u00e8gle, d\u2019apr\u00e8s certains critiques qui les d\u00e9clarent fausses. Nous ne sommes pas s\u00fbrs que notre g\u00e9n\u00e9alogie soit si fausse, mais on ne peut pas tout prouver. La discr\u00e9tion dont s\u2019entour\u00e8rent les druides des \u00e2ges sombres peut expliquer beaucoup d\u2019incertitudes. Est-ce un inconv\u00e9nient ? Certainement pas. La tradition est permanente ; elle n\u2019est pas \u00ab historicisable \u00bb. Les commencements \u00e9chappent au temps. Et, quand bien m\u00eame elle serait totalement invent\u00e9e, cette g\u00e9n\u00e9alogie, il suffit de la dire, pour go\u00fbter la force dont elle est habit\u00e9e. Rev\u00eatue de la puissance du mythe, elle en a les effets. Nous allons en savourer quelque chose tout \u00e0 l\u2019heure, apr\u00e8s une derni\u00e8re remarque.<br \/>\nLes m\u00eames historiens qui critiquent la g\u00e9n\u00e9alogie des Bardes de Galles, beaucoup plus vraisemblable que beaucoup d\u2019autres, accorderont pourtant, l\u2019un que les Francs-Ma\u00e7ons modernes tiennent leur science de l\u2019architecte du roi Salomon, Hiram, et un autre conviendra sans sourciller que J\u00e9sus de Nazareth descend du roi David, par un p\u00e8re (Joseph) dont la paternit\u00e9 est ni\u00e9e par le dogme de la virginit\u00e9 de Marie.<br \/>\nDonc, jusqu\u2019\u00e0 plus ample information, nous tiendrons la n\u00f4tre pour beaucoup plus proche de la v\u00e9rit\u00e9 que beaucoup d\u2019autres.<\/p>\n","protected":false},"excerpt":{"rendered":"<p>Les filiations revendiqu\u00e9es par les soci\u00e9t\u00e9s initiatiques sont des mythes, assez souvent consid\u00e9r\u00e9es comme fantaisistes. Apparemment, celle des Bardes de Galles, dont nous avons h\u00e9rit\u00e9 n\u2019\u00e9chappe pas \u00e0 la r\u00e8gle, d\u2019apr\u00e8s certains critiques qui les d\u00e9clarent fausses. Nous ne sommes &hellip; <a href=\"https:\/\/www.avallon.ch\/?page_id=411\">Continuer la lecture <span class=\"meta-nav\">&rarr;<\/span><\/a><\/p>\n","protected":false},"author":1,"featured_media":0,"parent":256,"menu_order":5,"comment_status":"closed","ping_status":"open","template":"","meta":{"footnotes":""},"class_list":["post-411","page","type-page","status-publish","hentry"],"_links":{"self":[{"href":"https:\/\/www.avallon.ch\/index.php?rest_route=\/wp\/v2\/pages\/411","targetHints":{"allow":["GET"]}}],"collection":[{"href":"https:\/\/www.avallon.ch\/index.php?rest_route=\/wp\/v2\/pages"}],"about":[{"href":"https:\/\/www.avallon.ch\/index.php?rest_route=\/wp\/v2\/types\/page"}],"author":[{"embeddable":true,"href":"https:\/\/www.avallon.ch\/index.php?rest_route=\/wp\/v2\/users\/1"}],"replies":[{"embeddable":true,"href":"https:\/\/www.avallon.ch\/index.php?rest_route=%2Fwp%2Fv2%2Fcomments&post=411"}],"version-history":[{"count":6,"href":"https:\/\/www.avallon.ch\/index.php?rest_route=\/wp\/v2\/pages\/411\/revisions"}],"predecessor-version":[{"id":671,"href":"https:\/\/www.avallon.ch\/index.php?rest_route=\/wp\/v2\/pages\/411\/revisions\/671"}],"up":[{"embeddable":true,"href":"https:\/\/www.avallon.ch\/index.php?rest_route=\/wp\/v2\/pages\/256"}],"wp:attachment":[{"href":"https:\/\/www.avallon.ch\/index.php?rest_route=%2Fwp%2Fv2%2Fmedia&parent=411"}],"curies":[{"name":"wp","href":"https:\/\/api.w.org\/{rel}","templated":true}]}}